{"id":695,"date":"2021-12-23T10:23:58","date_gmt":"2021-12-23T08:23:58","guid":{"rendered":"https:\/\/demosites.royal-elementor-addons.com\/nature-v1\/?page_id=12"},"modified":"2024-09-11T19:41:04","modified_gmt":"2024-09-11T17:41:04","slug":"home-nature-v1","status":"publish","type":"page","link":"https:\/\/gundtnicklas.de\/","title":{"rendered":"Home"},"content":{"rendered":"<p>Wilkommen<\/p>\n<h1>Entspannen Sie sich und genie\u00dfen Sie Ihren Traumgarten<\/h1>\n<p>Wir k\u00fcmmern uns um alles, von der Rasenpflege bis zum Teichbau.<\/p>\n<h2>Unsere Dienstleistungen<br \/>\n<\/h2>\n<p>Wir bieten eine breite Palette von Garten- und Teichgestaltungsdienstleistungen an, darunter Rasenpflege, Baumpflege, Str\u00e4ucher- und Heckenbeschnitt, Blumen- und Gem\u00fcsebeete, Teichbau und -pflege sowie vieles mehr. Unsere erfahrenen und professionellen Mitarbeiter sorgen daf\u00fcr, dass Ihr Garten und Teich in einwandfreiem Zustand sind, damit Sie sich entspannen und die Natur genie\u00dfen k\u00f6nnen.<\/p>\n<p>\t\t<a data-text=\"Go\" href=\"#link\"><br \/>\n\t\t\t\t\t\t\t\t\tMehr erfahren<br \/>\n\t\t<\/a><br \/>\n\t\t\t\t\t\t\t\t\t\t\t\t\t<img loading=\"lazy\" decoding=\"async\" width=\"960\" height=\"432\" src=\"https:\/\/gundtnicklas.de\/wp-content\/uploads\/2022\/04\/82ce2791-3d65-4413-a0e8-9b347cdb83d6-e1672853792799-1024x461.jpg\" alt=\"\" srcset=\"https:\/\/gundtnicklas.de\/wp-content\/uploads\/2022\/04\/82ce2791-3d65-4413-a0e8-9b347cdb83d6-e1672853792799-1024x461.jpg 1024w, https:\/\/gundtnicklas.de\/wp-content\/uploads\/2022\/04\/82ce2791-3d65-4413-a0e8-9b347cdb83d6-e1672853792799-300x135.jpg 300w, https:\/\/gundtnicklas.de\/wp-content\/uploads\/2022\/04\/82ce2791-3d65-4413-a0e8-9b347cdb83d6-e1672853792799-768x346.jpg 768w, https:\/\/gundtnicklas.de\/wp-content\/uploads\/2022\/04\/82ce2791-3d65-4413-a0e8-9b347cdb83d6-e1672853792799-1536x691.jpg 1536w, https:\/\/gundtnicklas.de\/wp-content\/uploads\/2022\/04\/82ce2791-3d65-4413-a0e8-9b347cdb83d6-e1672853792799-1200x540.jpg 1200w, https:\/\/gundtnicklas.de\/wp-content\/uploads\/2022\/04\/82ce2791-3d65-4413-a0e8-9b347cdb83d6-e1672853792799.jpg 1600w\" sizes=\"auto, (max-width: 960px) 100vw, 960px\" \/><br \/>\n\t\t\t\t\t\t\t\t\t\t\t\t\t<img loading=\"lazy\" decoding=\"async\" width=\"960\" height=\"720\" src=\"https:\/\/gundtnicklas.de\/wp-content\/uploads\/2022\/04\/WhatsAppImage2022-03-30at20.01.201-1024x768.jpeg\" alt=\"\" srcset=\"https:\/\/gundtnicklas.de\/wp-content\/uploads\/2022\/04\/WhatsAppImage2022-03-30at20.01.201-1024x768.jpeg 1024w, https:\/\/gundtnicklas.de\/wp-content\/uploads\/2022\/04\/WhatsAppImage2022-03-30at20.01.201-300x225.jpeg 300w, https:\/\/gundtnicklas.de\/wp-content\/uploads\/2022\/04\/WhatsAppImage2022-03-30at20.01.201-768x576.jpeg 768w, https:\/\/gundtnicklas.de\/wp-content\/uploads\/2022\/04\/WhatsAppImage2022-03-30at20.01.201-1536x1152.jpeg 1536w, https:\/\/gundtnicklas.de\/wp-content\/uploads\/2022\/04\/WhatsAppImage2022-03-30at20.01.201-1200x900.jpeg 1200w, https:\/\/gundtnicklas.de\/wp-content\/uploads\/2022\/04\/WhatsAppImage2022-03-30at20.01.201.jpeg 2048w\" sizes=\"auto, (max-width: 960px) 100vw, 960px\" \/>\t\t\t\t\t\t\t\t\t\t\t\t\t<\/p>\n<h2>Unser Service<\/h2>\n<p>\t\t\t\t\t\t\t\t\t\t\t\t\t<img loading=\"lazy\" decoding=\"async\" width=\"768\" height=\"1024\" src=\"https:\/\/gundtnicklas.de\/wp-content\/uploads\/2023\/01\/WhatsAppImage2022-03-30at20.00.4511-768x1024.jpeg\" alt=\"\" srcset=\"https:\/\/gundtnicklas.de\/wp-content\/uploads\/2023\/01\/WhatsAppImage2022-03-30at20.00.4511-768x1024.jpeg 768w, https:\/\/gundtnicklas.de\/wp-content\/uploads\/2023\/01\/WhatsAppImage2022-03-30at20.00.4511-225x300.jpeg 225w, https:\/\/gundtnicklas.de\/wp-content\/uploads\/2023\/01\/WhatsAppImage2022-03-30at20.00.4511-1152x1536.jpeg 1152w, https:\/\/gundtnicklas.de\/wp-content\/uploads\/2023\/01\/WhatsAppImage2022-03-30at20.00.4511.jpeg 1200w\" sizes=\"auto, (max-width: 768px) 100vw, 768px\" \/>\t\t\t\t\t\t\t\t\t\t\t\t\t<\/p>\n<h2>Gartenpflege<\/h2>\n<p>Wir halten Ihren Garten das ganze Jahr \u00fcber in Top-Zustand, damit Sie ihn genie\u00dfen k\u00f6nnen.<\/p>\n<p>\t\t\t\t\t\t\t\t\t\t\t\t\t<img loading=\"lazy\" decoding=\"async\" width=\"768\" height=\"1024\" src=\"https:\/\/gundtnicklas.de\/wp-content\/uploads\/2023\/01\/WhatsApp-Image-2023-01-04-at-18.59.54-768x1024.jpeg\" alt=\"\" srcset=\"https:\/\/gundtnicklas.de\/wp-content\/uploads\/2023\/01\/WhatsApp-Image-2023-01-04-at-18.59.54-768x1024.jpeg 768w, https:\/\/gundtnicklas.de\/wp-content\/uploads\/2023\/01\/WhatsApp-Image-2023-01-04-at-18.59.54-225x300.jpeg 225w, https:\/\/gundtnicklas.de\/wp-content\/uploads\/2023\/01\/WhatsApp-Image-2023-01-04-at-18.59.54-1152x1536.jpeg 1152w, https:\/\/gundtnicklas.de\/wp-content\/uploads\/2023\/01\/WhatsApp-Image-2023-01-04-at-18.59.54-1200x1600.jpeg 1200w, https:\/\/gundtnicklas.de\/wp-content\/uploads\/2023\/01\/WhatsApp-Image-2023-01-04-at-18.59.54.jpeg 1536w\" sizes=\"auto, (max-width: 768px) 100vw, 768px\" \/>\t\t\t\t\t\t\t\t\t\t\t\t\t<\/p>\n<h2>Teichpflege<\/h2>\n<p>Wir k\u00fcmmern uns um Ihre Fische und sorgen daf\u00fcr, dass Ihr Teich kristallklar bleibt.<\/p>\n<p>\t\t\t\t\t\t\t\t\t\t\t\t\t<img loading=\"lazy\" decoding=\"async\" width=\"768\" height=\"1024\" src=\"https:\/\/gundtnicklas.de\/wp-content\/uploads\/2022\/04\/8a35164c-6ab9-4790-adf4-67e5fe6f28dc-768x1024.jpg\" alt=\"\" srcset=\"https:\/\/gundtnicklas.de\/wp-content\/uploads\/2022\/04\/8a35164c-6ab9-4790-adf4-67e5fe6f28dc-768x1024.jpg 768w, https:\/\/gundtnicklas.de\/wp-content\/uploads\/2022\/04\/8a35164c-6ab9-4790-adf4-67e5fe6f28dc-225x300.jpg 225w, https:\/\/gundtnicklas.de\/wp-content\/uploads\/2022\/04\/8a35164c-6ab9-4790-adf4-67e5fe6f28dc-1152x1536.jpg 1152w, https:\/\/gundtnicklas.de\/wp-content\/uploads\/2022\/04\/8a35164c-6ab9-4790-adf4-67e5fe6f28dc.jpg 1200w\" sizes=\"auto, (max-width: 768px) 100vw, 768px\" \/>\t\t\t\t\t\t\t\t\t\t\t\t\t<\/p>\n<h2>Landschaftsgestaltung<\/h2>\n<p>Lassen Sie uns Ihre Tr\u00e4ume in die Realit\u00e4t umsetzen und eine wundersch\u00f6ne Landschaft f\u00fcr Sie schaffen.<\/p>\n<h2>Unsere Unternehmungen<\/h2>\n<article data-item-id=\"elementor-repeater-item-e9a4e02\"><time data-aos=\"fade\" data-aos-left=\"\" data-aos-right=\"\" data-animation-offset=\"150\" data-animation-duration=\"600\">2022 AprilGr\u00fcndung unseres Unternehmens<\/time><\/p>\n<p>Beginn<\/p>\n<p>Wir haben unser Unternehmen mit dem Ziel gegr\u00fcndet, Kunden bei der Gestaltung und Pflege ihrer G\u00e4rten und Teiche zu unterst\u00fctzen.<\/p>\n<\/article>\n<article data-item-id=\"elementor-repeater-item-dce4898\"><time data-aos=\"fade\" data-aos-left=\"\" data-aos-right=\"\" data-animation-offset=\"150\" data-animation-duration=\"600\">2022 JuniEr\u00f6ffnung unseres Vorzeigegartens<\/time><\/p>\n<p>Unser Garten<\/p>\n<p>Unser neuer Showgarten bietet Kunden die M\u00f6glichkeit, sich von unseren Kreationen inspirieren zu lassen und Ideen f\u00fcr ihre eigenen G\u00e4rten zu sammeln.<\/p>\n<\/article>\n<article data-item-id=\"elementor-repeater-item-a53fcb2\"><time data-aos=\"fade\" data-aos-left=\"\" data-aos-right=\"\" data-animation-offset=\"150\" data-animation-duration=\"600\">2022 SeptemberErweiterung unserer Teichbau-Services<\/time><\/p>\n<p>Wir erweitern das Angebot<\/p>\n<p>Mit unserer erweiterten Teichbau-Expertise k\u00f6nnen wir noch anspruchsvollere Projekte umsetzen und spezielle W\u00fcnsche erf\u00fcllen.<\/p>\n<\/article>\n<article data-item-id=\"elementor-repeater-item-f6c53fd\"><time data-aos=\"fade\" data-aos-left=\"\" data-aos-right=\"\" data-animation-offset=\"150\" data-animation-duration=\"600\">2023 FebruarEinf\u00fchrung von umweltfreundlichen Pflegeprodukten<\/time><\/p>\n<p>Nachhaltigkeit ist eine Expertise<\/p>\n<p>Wir m\u00f6chten unseren Beitrag zum Umweltschutz leisten und haben deshalb eine neue Linie von umweltfreundlichen Pflegeprodukten eingef\u00fchrt.<\/p>\n<\/article>\n<h2>Unsere Leidenschaft f\u00fcr Wasserlandschaften.<\/h2>\n<p>Wir lieben es, Wasserlandschaften zu gestalten und zu pflegen. Ob es sich um einen kleinen Gartenteich oder eine gr\u00f6\u00dfere Wasseranlage handelt, wir bringen unsere Leidenschaft und Expertise ein, um einzigartige und nat\u00fcrliche Wasserlandschaften zu schaffen.<\/p>\n","protected":false},"excerpt":{"rendered":"<p>Wilkommen Entspannen Sie sich und genie\u00dfen Sie Ihren Traumgarten Wir k\u00fcmmern uns um alles, von der Rasenpflege bis zum Teichbau. Unsere Dienstleistungen Wir bieten eine breite Palette von Garten- und Teichgestaltungsdienstleistungen an, darunter Rasenpflege, Baumpflege, Str\u00e4ucher- und Heckenbeschnitt, Blumen- und Gem\u00fcsebeete, Teichbau und -pflege sowie vieles mehr. Unsere erfahrenen und professionellen Mitarbeiter sorgen daf\u00fcr, dass [&hellip;]<\/p>\n","protected":false},"author":4,"featured_media":0,"parent":0,"menu_order":0,"comment_status":"closed","ping_status":"closed","template":"elementor_canvas","meta":{"footnotes":""},"class_list":["post-695","page","type-page","status-publish","hentry"],"_links":{"self":[{"href":"https:\/\/gundtnicklas.de\/index.php?rest_route=\/wp\/v2\/pages\/695","targetHints":{"allow":["GET"]}}],"collection":[{"href":"https:\/\/gundtnicklas.de\/index.php?rest_route=\/wp\/v2\/pages"}],"about":[{"href":"https:\/\/gundtnicklas.de\/index.php?rest_route=\/wp\/v2\/types\/page"}],"author":[{"embeddable":true,"href":"https:\/\/gundtnicklas.de\/index.php?rest_route=\/wp\/v2\/users\/4"}],"replies":[{"embeddable":true,"href":"https:\/\/gundtnicklas.de\/index.php?rest_route=%2Fwp%2Fv2%2Fcomments&post=695"}],"version-history":[{"count":60,"href":"https:\/\/gundtnicklas.de\/index.php?rest_route=\/wp\/v2\/pages\/695\/revisions"}],"predecessor-version":[{"id":1033,"href":"https:\/\/gundtnicklas.de\/index.php?rest_route=\/wp\/v2\/pages\/695\/revisions\/1033"}],"wp:attachment":[{"href":"https:\/\/gundtnicklas.de\/index.php?rest_route=%2Fwp%2Fv2%2Fmedia&parent=695"}],"curies":[{"name":"wp","href":"https:\/\/api.w.org\/{rel}","templated":true}]}}